{"id":30,"date":"2022-04-27T11:09:54","date_gmt":"2022-04-27T10:09:54","guid":{"rendered":"http:\/\/ammmp.pt\/?page_id=30"},"modified":"2023-05-03T19:58:15","modified_gmt":"2023-05-03T18:58:15","slug":"about","status":"publish","type":"page","link":"https:\/\/ammmp.pt\/","title":{"rendered":"Main"},"content":{"rendered":"\n\n\n<h2>O que \u00e9 a AMMMP?<\/h2>\n<p><strong>A Associa\u00e7\u00e3o de Moradores de Matarraque, Madorna e Penedo \u00e9 uma associa\u00e7\u00e3o sem fins lucrativos&nbsp;<\/strong><strong>com sede na Praceta Raul Proen\u00e7a, 2785-785 S\u00e3o Domingos de Rana, Concelho de Cascais<\/strong><\/p>\n\n\n\n\n\n\n\n<h2>A nossa miss\u00e3o<\/h2>\n<p style=\"text-align: right;\"><strong>Promover a melhoria dos espa\u00e7os exteriores.<\/strong><\/p>\n<p style=\"text-align: right;\"><strong>Fomentar o esp\u00edrito associativo entre os membros.<\/strong><br><\/p>\n<p style=\"text-align: right;\"><strong>Promover a valoriza\u00e7\u00e3o social, cultural e desportiva dos moradores.<\/strong><\/p>\n<p style=\"text-align: right;\"><strong>Representar legalmente os associados em todos os atos necess\u00e1rios \u00e0 prossecu\u00e7\u00e3o da miss\u00e3o.<\/strong><br><\/p>\n\n\n\n\n<h2 title=\"Click aqui para se associar\">Associe-se<\/h2>\n\n\n<h2>Vantagens<\/h2>\n<p><strong>Cart\u00e3o de associado.<\/strong><\/p>\n<p><span><strong>Descontos de com\u00e9rcio local e servi\u00e7os.<\/strong><\/span><\/p>\n<p><strong>Atendimento personalizado na sede da AMMMP.<\/strong><\/p>\n<p><strong>Colaborar nas atividades de conv\u00edvio e solidariedade social.<\/strong><\/p>\n<p><strong>Contribuir para a manuten\u00e7\u00e3o, desenvolvimento e valoriza\u00e7\u00e3o das urbaniza\u00e7\u00f5es da \u00e1rea da AMMMP.<\/strong><\/p>\n<p><strong>Interagir com os v\u00e1rios escal\u00f5es et\u00e1rios da comunidade nas atividades da AMMMP.<\/strong><\/p>\n\n\n\n\n\n\n\n\n<h2 style=\"text-align: center;\">\u00c1rea<\/h2>\n\n\n\n","protected":false},"excerpt":{"rendered":"","protected":false},"author":0,"featured_media":0,"parent":0,"menu_order":0,"comment_status":"closed","ping_status":"closed","template":"","meta":{"pagelayer_contact_templates":[],"_pagelayer_content":"","footnotes":""},"class_list":["post-30","page","type-page","status-publish","hentry"],"_links":{"self":[{"href":"https:\/\/ammmp.pt\/index.php?rest_route=\/wp\/v2\/pages\/30","targetHints":{"allow":["GET"]}}],"collection":[{"href":"https:\/\/ammmp.pt\/index.php?rest_route=\/wp\/v2\/pages"}],"about":[{"href":"https:\/\/ammmp.pt\/index.php?rest_route=\/wp\/v2\/types\/page"}],"replies":[{"embeddable":true,"href":"https:\/\/ammmp.pt\/index.php?rest_route=%2Fwp%2Fv2%2Fcomments&post=30"}],"version-history":[{"count":60,"href":"https:\/\/ammmp.pt\/index.php?rest_route=\/wp\/v2\/pages\/30\/revisions"}],"predecessor-version":[{"id":241,"href":"https:\/\/ammmp.pt\/index.php?rest_route=\/wp\/v2\/pages\/30\/revisions\/241"}],"wp:attachment":[{"href":"https:\/\/ammmp.pt\/index.php?rest_route=%2Fwp%2Fv2%2Fmedia&parent=30"}],"curies":[{"name":"wp","href":"https:\/\/api.w.org\/{rel}","templated":true}]}}